{"id":2,"date":"2007-10-24T13:55:45","date_gmt":"2007-10-24T13:55:45","guid":{"rendered":""},"modified":"2025-06-15T18:17:15","modified_gmt":"2025-06-15T18:17:15","slug":"cv","status":"publish","type":"page","link":"https:\/\/arvydasg.sites.mruni.eu\/?page_id=2","title":{"rendered":"CV"},"content":{"rendered":"<p><strong>prof. Arvydo Guogio CV<\/strong><\/p>\n<p><a href=\"http:\/\/arvydasg.home.mruni.eu\/wp-content\/uploads\/2007\/10\/IMG-63.jpg\"><img loading=\"lazy\" decoding=\"async\" class=\"alignnone size-medium wp-image-1043\" src=\"http:\/\/arvydasg.home.mruni.eu\/wp-content\/uploads\/2007\/10\/IMG-63-300x200.jpg\" alt=\"\" width=\"300\" height=\"200\" srcset=\"https:\/\/arvydasg.sites.mruni.eu\/wp-content\/uploads\/2007\/10\/IMG-63-300x200.jpg 300w, https:\/\/arvydasg.sites.mruni.eu\/wp-content\/uploads\/2007\/10\/IMG-63-768x513.jpg 768w, https:\/\/arvydasg.sites.mruni.eu\/wp-content\/uploads\/2007\/10\/IMG-63.jpg 800w\" sizes=\"(max-width: 300px) 100vw, 300px\" \/><\/a><\/p>\n<p>1. Vardas, pavard\u0117 &#8211; <strong>Arvydas Guogis<\/strong><\/p>\n<p>2. Gimimo data &#8211; <strong>1961 gegu\u017e\u0117s 18 d.<\/strong><\/p>\n<p>3. Gimimo vieta &#8211; <strong>Klaip\u0117da<\/strong><\/p>\n<p>4. Gyvenamoji vieta &#8211; <strong>S. Stanevi\u010diaus 100-11, LT-07102, Vilnius<\/strong><\/p>\n<p>5. Pareigos ir darboviet\u0117 \u2013 <strong>profesorius, Vie\u0161ojo administravimo institutas, Vie\u0161ojo valdymo ir verslo fakultetas, Mykolo Romerio universitetas, Ateities 20, LT-03803, Vilnius<\/strong><\/p>\n<p>6. Mokslini\u0173 tyrim\u0173 kryptys \u2013 <strong>socialin\u0117 politika,\u00a0 socialin\u0117 apsauga, gerov\u0117s valstyb\u0117, vie\u0161asis valdymas, vie\u0161asis administravimas<br \/>\n<\/strong><\/p>\n<p>7. D\u0117styti kursai \u2013 bakalaurams: <strong>vie\u0161ojo administravimo tyrim\u0173 metodologija, mokslini\u0173 tyrim\u0173 metodologijos pagrindai, vie\u0161ojo administravimo\u00a0 teorijos ir paradigmos, vie\u0161ieji ry\u0161iai ir marketingas vie\u0161ajame sektoriuje, gerov\u0117s valstyb\u0117s modeliai, <\/strong>papildomoms studijoms: <strong>vie\u0161ojo administravimo pagrindai, <\/strong>magistrams:\u00a0<strong> socialini\u0173 institucij\u0173 vadyba, naujoji vie\u0161oji vadyba ir valstyb\u0117s valdymo reformos, strateginis marketingo valdymas, tvaraus organizacij\u0173 vystymosi vadyba.<\/strong><\/p>\n<p>8. I\u0161silavinimas &#8211; <strong>1984 metais baig\u0117 Vilniaus universiteto Istorijos fakultet\u0105, 1989-1993 metais &#8211; doktorant\u016bra VU Filosofijos istorijos katedroje.<\/strong><\/p>\n<p>9. Mokslinis laipsnis \u2013<strong> Socialini\u0173 moksl\u0173 daktaras (VU, politologija) \u2013 nuo 1993 m., 2006 metais praeita habilitacijos proced\u016bra (MRU, vadyba ir administravimas)<\/strong><\/p>\n<p>10. Organizacij\u0173 narys \u2013 <strong>Lietuvos politolog\u0173 asociacijos (atkurtos 2023 lapkrit\u012f), Lietuvos sociolog\u0173 draugijos,\u00a0 Tarptautin\u0117s Vie\u0161ojo ir Ne pelno Sektoriaus Marketingo Asociacijos atstovas Lietuvai (IAPNM, nuo 2005 met\u0173), CEPSA (Central European Political Science Alliance, nuo 2011 met\u0173) narys, NIAS (Netherlands Institute for Advanced Study in the Humanities and Social Sciences) Fellows Association (NFA) narys (nuo 2024 met\u0173)<\/strong><\/p>\n<p><strong>Lietuvos Nacionalin\u0117s UNESCO Komisijos Nacionalinio Komiteto &#8220;Socialini\u0173 transformacij\u0173 valdymo programos (MOST)&#8221;narys (2012-2015 m.)<br \/>\n<\/strong><\/p>\n<p><strong>Mykolo Romerio universiteto Azijos centro (Japonijos ir Kinijos skyriai) Tarybos narys (nuo 2013 met\u0173)<\/strong><\/p>\n<p><strong>11. Apdovanojimai:<\/strong><\/p>\n<p><strong>2009 m. &#8220;Gairi\u0173&#8221; \u017eurnalo premija (kelion\u0117 \u012f Amsterdam\u0105) u\u017e geriausi\u0105 ra\u0161in\u012f socialinio teisingumo tematika<\/strong><\/p>\n<p><strong>2009 m. apdovanotas Saudo Arabijos Karalyst\u0117s Vie\u0161ojo Administravimo Instituto (Rijadas) medaliu ir premija Instituto 50-me\u010dio proga (u\u017e du prane\u0161imus Rijado tarptautin\u0117je konferencijoje).<br \/>\n<\/strong><\/p>\n<p><strong>2013 m. apdovanotas Gabriel\u0117s Petkevi\u010dait\u0117s-Bit\u0117s atminimo medaliu (LR Seimas) &#8220;Tarnaukite Lietuvai&#8221; u\u017e visuomeni\u0161kai aktuali\u0105 publicistik\u0105.<\/strong><\/p>\n<p><strong>2018 m. pripa\u017eintas geriausiu 2017\/2018 m. MRU d\u0117stytoju.<\/strong><\/p>\n<p><strong>2024 m. liepos 6 d. Lietuvos Respublikos Prezidento apdovanotas Lietuvos did\u017eiojo kunigaik\u0161\u010dio Gedimino ordino medaliu u\u017e reik\u0161mingus mokslinius tyrimus socialin\u0117s politikos, socialin\u0117s apsaugos, gerov\u0117s valstyb\u0117s ir vie\u0161ojo valdymo bei administravimo srityse<br \/>\n<\/strong><br \/>\n12. Redkolegij\u0173 narys \u2013 <strong>nuo 2005 met\u0173 tarptautinio mokslinio \u017eurnalo \u201cInternational Review on Public and Non-profit Marketing\u201d (SCOPUS, Springer duomen\u0173 baz\u0117je)\u00a0 redkolegijos narys<\/strong><\/p>\n<p><strong>nuo 2013 met\u0173 &#8211; tarptautinio mokslinio \u017eurnalo &#8220;Responsibility and Sustainability&#8221; (Leonas, Ispanija) redkolegijos narys<\/strong><\/p>\n<p><strong>nuo 2013 met\u0173 &#8211; VU leid\u017eiamo mokslinio \u017eurnalo &#8220;STEPP&#8221; (&#8220;Socialin\u0117 teorija, empirija, politika ir praktika&#8221;) redkolegijos narys<\/strong><\/p>\n<p><strong>nuo 2017 met\u0173 &#8211; tarptautinio mokslinio \u017eurnalo &#8220;Central European Political Science Review&#8221; (Budape\u0161tas) redkolegijos narys<\/strong><\/p>\n<p><strong>nuo 2018 met\u0173 &#8211; KU leid\u017eiamo &#8220;Tilt\u0173&#8221; mokslinio \u017eurnalo redkolegijos narys<\/strong><\/p>\n<p>13. Telefonai: <strong>n. 2034534, mob. 8 687 51677<\/strong><\/p>\n<p>14. Elektroninis pa\u0161tas \u2013 <strong>arvydasg@mruni.eu<\/strong><\/p>\n<p>15. https:\/\/orcid.org\/0000-0001-8371-3556<\/p>\n<p>Darbin\u0117 veikla Lietuvoje:<\/p>\n<p>1. 1984 &#8211; 1989 \u2013 Vilniaus universiteto d\u0117stytojas ir VU Mokslin\u0117s bibliotekos Mokslo tyrimo skyriaus bibliotekininkas;<\/p>\n<p>2. 1989 &#8211; 1993 \u2013 VU Filosofijos istorijos katedros doktorantas;<\/p>\n<p>3. 1994 &#8211; 1995 \u2013 \u201cDienos\u201d dienra\u0161\u010dio u\u017esienio skyriaus ap\u017evalgininkas;<\/p>\n<p>4. 1995 &#8211; 1996 \u2013 Lietuvos statistikos departamento statistin\u0117s informacijos platinimo skyriaus vir\u0161ininkas;<\/p>\n<p>5. 1996 &#8211; 2000 \u2013 Socialinio draudimo mokymo ir tyrimo centro vyriausiasis specialistas \u2013 tyr\u0117jas ir d\u0117stytojas;<\/p>\n<p>6. 2000 \u2013 V\u0160\u012e \u201cSocialin\u0117s politikos grup\u0117s\u201d projekto vadovas;<\/p>\n<p>7. 2000 \u2013 2001 \u2013 V\u0160\u012e \u201cOrganizacij\u0173 paramos centro\u201d direktoriaus pavaduotojas tyrimams.<\/p>\n<p>8. Nuo 2001 m. \u2013 LTU (Mykolo Romerio universiteto) Vie\u0161ojo administravimo katedros docentas.<\/p>\n<p>9. Nuo 2012 m. \u2013 Mykolo Romerio universiteto Vie\u0161ojo administravimo katedros profesorius.<\/p>\n<p>10. Nuo 2013 m. &#8211; Mykolo Romerio universiteto Vie\u0161ojo administravimo instituto profesorius<\/p>\n<p>11. \u00a02014 met\u0173 lapkri\u010dio 10 dien\u0105\u00a0<span style=\"font-family: sans-serif; font-size: 12.8px; line-height: 19.2px;\">Arvydui Guogiui Mykolo Romerio universitete suteiktas socialini\u0173 moksl\u0173 srities profesoriaus pedagoginis vardas.<\/span><\/p>\n<p><strong>Darbin\u0117 veikla u\u017esienyje:<\/strong><\/p>\n<p><strong>Sta\u017euot\u0117s, mokslinis-tiriamasis darbas, \u017eurnalistinis darbas ir kursai \u0160vedijoje:<\/strong><\/p>\n<ul>\n<li>1991 m. lapkritis &#8211; sta\u017euot\u0117 Stokholmo Universiteto Politikos moksl\u0173 katedroje (\u0160vedijos Instituto stipendija);<\/li>\n<li>1993 m. balandis &#8211; gegu\u017e\u0117 &#8211; sta\u017euot\u0117 Stokholmo Universiteto Politikos moksl\u0173 katedroje (\u0160vedijos Instituto stipendija);<\/li>\n<li>1993 rugpj\u016btis &#8211; Vasaros mokykla (&#8220;Tvarumas ir aplinkosauga&#8221;) Lundo Universitete (\u0160vedijos Instituto stipendija).<\/li>\n<li>1995 m. kovas-gegu\u017e\u0117 &#8211; &#8220;Dienos&#8221; laikra\u0161\u010dio korespondentas \u0160vedijoje;<\/li>\n<li>1995 kovas \u2013 gegu\u017e\u0117 \u2013 Nordplano Institutas (Stokholmas &#8211; Geteborgas)<\/li>\n<li>2002 sausis &#8211; suaugusi\u0173j\u0173 mokymo kursai Geteborgo Liaudies Akademijoje (Folkliga Akademi).<\/li>\n<li>2003 bir\u017eelis &#8211; liepa \u2013 mokslinis-tiriamasis darbas Baltic\u2013East European Graduate School (BEEGS, S\u00f6dert\u00f6rn University College) (dabar \u2013 S\u00f6dert\u00f6rno Universitetas);<\/li>\n<li>2008 vasaris &#8211; rugpj\u016btis \u2013 mokslinis-tiriamasis darbas S\u00f6dert\u00f6rn University College (dabar &#8211; S\u00f6dert\u00f6rno Universitetas, \u0160vedijos Instituto stipendija).<\/li>\n<\/ul>\n<p><strong>Sta\u017euot\u0117s ir mokslinis-tiriamasis darbas Norvegijoje, Olandijoje, D. Britanijoje, Pranc\u016bzijoje, \u0160veicarijoje, Graikijoje, Vengrijoje:<\/strong><\/p>\n<p>1996 m. balandis &#8211; gegu\u017e\u0117 &#8211; tyrimai NIAS&#8217;o Institute (Wassenaaras, Olandija);<br \/>\n1996 m. rugs\u0117jis &#8211; spalis &#8211; tyrimai Bergeno universiteto (Norvegija) Lyginamosios politikos katedroje;<br \/>\n2001 m. kovas \u2013 rugpj\u016btis \u2013 tyrimai Oslo universiteto Politikos moksl\u0173 katedroje (Norvegija);<br \/>\n2002 m. rugpj\u016btis \u2013 tyrimai Londono Ekonomikos ir politikos moksl\u0173 mokykloje;<br \/>\n2003 m. balandis \u2013 gegu\u017e\u0117 \u2013 sta\u017euot\u0117 Berno universiteto Vie\u0161ojo administravimo Kompetencijos centre (\u0160veicarija);<br \/>\n2004 m. bir\u017eelis-liepa \u2013 tyrimai Oslo Auk\u0161tojoje mokykloje (Norvegija);<br \/>\n2005 m. balandis \u2013 gruodis \u2013 tyrimai Trakijos ir At\u0117n\u0173 universitetuose (Graikija);<\/p>\n<p>2006 m. bir\u017eelis-liepa \u2013 sta\u017euot\u0117 St. Galleno universitete (\u0160veicarija).<\/p>\n<p>2011 m. balandis-bir\u017eelis &#8211; sta\u017euot\u0117 Pary\u017eiaus Descartes universitete (Pranc\u016bzijos ambasados stipendija))<\/p>\n<p>2014 m. balandis &#8211; bir\u017eelis &#8211; sta\u017euot\u0117 Pary\u017eiaus Descartes universitete (Pranc\u016bzijos ambasados stipendija)<\/p>\n<p>2015 m. liepa &#8211; rugpj\u016btis &#8211; sta\u017euot\u0117 Karoli Gaspar universitete ir LIGA profs\u0105junginiame susivienijime (Vengrija)<\/p>\n<p><strong>Prane\u0161im\u0173 autorius<\/strong> mokslin\u0117se konferencijose Lietuvoje, Latvijoje, Norvegijoje, \u0160vedijoje, Suomijoje, Pranc\u016bzijoje, Italijoje, Juodkalnijoje, Vokietijoje, Saudo Arabijoje, Belgijoje, \u0160veicarijoje, Austrijoje, Jungtin\u0117je Karalyst\u0117je, Vengrijoje, Bulgarijoje, Turkijoje, Kazachstane (lietuvi\u0173, angl\u0173 ir \u0161ved\u0173 kalbomis).<\/p>\n<p><strong>Paskaitos u\u017esienyje:<\/strong><\/p>\n<p>1995 m. paskaitos \u0161ved\u0173 kalba skaitytos Nordplano Institute (Stokholmas);<\/p>\n<p>2004 m. paskaitos skaitytos Norvegijoje (Oslo Hogskolen) ir Vokietijoje (Bavarijos auk\u0161tojoje vie\u0161ojo administravimo mokykloje Hofe);<\/p>\n<p>2005 m. paskaitos skaitytos Trakijos universitete (Graikija);<\/p>\n<p>2007 metais paskaitos skaitytos Vokietijoje (Bavarijos auk\u0161tojoje vie\u0161ojo administravimo mokykloje Hofe);<\/p>\n<p>2009 metais paskaitos skaitytos Leeuwardeno auk\u0161tojoje mokykloje (Olandija)<\/p>\n<p>2010 metais paskaitos skaitytos Sevilijos universitete (Ispanija)<\/p>\n<p>2009, 2010, 2011, 2018, 2023 (du kartus) metais paskaitos skaitytos Leono universitete (Ispanija).<\/p>\n<p>2012 metais skaitytos paskaitos Bavarijos auk\u0161tojoje vie\u0161ojo administravimo mokykloje Hofe\u00a0 ir Sevilijos universitete (Ispanija)<\/p>\n<p>2015 metais skaitytos paskaitos Nijmegeno universitete (Olandija)<\/p>\n<p>2016 m. vasario 24 dien\u0105 skaityta vie\u0161a paskaita Oslo ir Akershus auk\u0161tojoje mokykloje (Norvegija)<\/p>\n<p>2022 ir 2024 metais (dvi skirtingas savaites) paskaitos skaitytos Latvijos universitete (Ryga).<\/p>\n<p>2023 metais paskaitos (dvi skirtingas savaites) skaitytos Leono universitete (Ispanija).<\/p>\n<p>2023-2025 metais skaitytos kviestin\u0117s paskaitos Lietuvos socialin\u0117s politikos tema\u00a0 Vie\u0161ojo administravimo Akademijos\u00a0 prie Kazachstano Respublikos Prezidento magistrams ir doktorantams<\/p>\n<p>2025 met\u0173 gegu\u017e\u0117s m\u0117n. 6 dien\u0105 skaityta &#8220;Mastering Up&#8221; organizuota vie\u0161oji paskaita Kalkutoje, Indijoje (&#8220;Gerov\u0117s tipologija ir vie\u0161ojo administravimo modeliai&#8221;).<\/p>\n<p><strong>Projektai Lietuvoje (\u012fskaitant tarptautinius):<\/strong><\/p>\n<p>1. Tarptautinio PHARE ACE projekto tyr\u0117jas (1997-1998 m.)<\/p>\n<p>2. PHARE \u201cDemokratijos\u201d projekto \u201cLietuvos politini\u0173 partij\u0173 samprata apie socialin\u0119 apsaug\u0105\u201d vadovas ir tyr\u0117jas (2000 m.)<\/p>\n<p>3. Tarptautinio ES COST A 15 projekto \u201cSocialin\u0117s apsaugos sistem\u0173 reformavimas Europoje\u201d Lietuvos grup\u0117s vadovas ir tyr\u0117jas (2002-2004 m.)<\/p>\n<p>4. LTU administruojamo projekto \u201cSavivaldos institucij\u0173 socialinis ir politinis veiksmingumas\u201d tyr\u0117jas (2002, 2004 m.)<\/p>\n<p>5. Atviros Lietuvos fondo remiamo projekto \u201cSocialini\u0173 paslaug\u0173 teikimo tobulinimas Lietuvos savivaldyb\u0117se\u201d tyr\u0117jas (2004 m.)<\/p>\n<p>6. Lietuvos Valstybinio Mokslo ir Studij\u0173 fondo remiamo projekto \u201cSocialin\u0117s politikos modeliavimas Europos integracijos procese\u201d vadovas ir tyr\u0117jas (2005 m.)<\/p>\n<p>7. Tarptautinio NOBA projekto (Norvegija, \u0160vedija, Latvija, Lietuva) tyr\u0117jas (atstovas Lietuvai, 2006-2009 m.)<\/p>\n<p>8. Lietuvos Valstybinio Mokslo ir Studij\u0173 fondo remiamo projekto \u201cSavivaldybi\u0173 ir nevyriausybini\u0173 organizacij\u0173 s\u0105veika: Vilniaus miesto ir Ukmerg\u0117s rajono atvejai\u201c vadovas ir tyr\u0117jas (2007 m.)<\/p>\n<p>9. Lietuvos Mokslo Tarybos remto ir Lietuvos socialini\u0173 tyrim\u0173 centro organizuoto tyrimo &#8220;Gerov\u0117s valstyb\u0117s raida Lietuvoje: i\u0161takos, b\u016bdingiausi bruo\u017eai ir pagrindiniai veiksniai&#8221; (Nr. SIN &#8211; 16\/2010-2011) tyr\u0117jas<\/p>\n<p>10. Pasi\u016blymai ir ap\u017evalga Europos Parlamentui d\u0117l socialin\u0117s apsaugos ir savaranki\u0161kai dirban\u010di\u0173j\u0173 socialini\u0173 garantij\u0173 ES: tyr\u0117jas (2013 m.)<\/p>\n<p>11. ES Komisijos remiamas projektas &#8220;Bandymas atgaivinti socialin\u012f dialog\u0105 ir nacionalin\u0117s darbo santyki\u0173 sistemos kai kuriose Centrin\u0117s ir Ryt\u0173 Europos \u0161alyse &#8211; i\u0161moktos pamokos ir geriausios praktikos i\u0161einant i\u0161 kriz\u0117s VS\/2014\/0588 &#8211; atsakingas u\u017e Lietuv\u0105 (2015-2016)<\/p>\n<p>12. LMT remiamas projektas &#8220;Socialin\u0117s politikos reakcijos \u012f COVID-19 kriz\u0117s pasekmes: nedarbo ir skurdo pad\u0117ties analiz\u0117, tarptautin\u0117 patirtis ir rekomendacijos Lietuvai&#8221; (VU, P-COV-20-29, 2020.06.01-2020.12.31): vyr. tyr\u0117jas.<\/p>\n<p>13.1. LMT remiamas Reikmini\u0173 tyrim\u0173 projektas P-REP-21-10 \u201eSocialin\u0117s paramos i\u0161mok\u0173 nepa\u0117mimo prie\u017eastys , mastas ir identifikavimo metodika Lietuvos savivaldyb\u0117se ir visoje \u0161alyje\u201c (patvirtintas, administruojamas MRU, vadov\u0117 \u2013 doc. Vida \u010cesnuityt\u0117, 2021.03.01.- 2022.02.28.): vyriausiasis tyr\u0117jas.<\/p>\n<p><span style=\"font-weight: bold;\">Pedagoginis-metodinis darbas:<\/span><\/p>\n<p>1. \u201eVie\u0161ojo administravimo tyrim\u0173 metodologijos\u201c kurso vie\u0161ojo administravimo bakalaurams paruo\u0161imas (2002 m.);<\/p>\n<p>2. \u201eGerov\u0117s valstybi\u0173 socialin\u0117s politikos modeli\u0173\u201c kurso sociologijos magistrams paruo\u0161imas (2006 m.);<\/p>\n<p>3. Nuotolinio mokymo kurso \u201cSocialin\u0117s saugos teis\u0117\u201d paruo\u0161imas (2007 m.).<\/p>\n<p>4.Nuotolinio mokymo kurso &#8220;Vie\u0161ojo administravimo tyrim\u0173 metodologija&#8221; paruo\u0161imas (2011 m.)<\/p>\n<p>5. &#8220;Vie\u0161ojo administravimo tyrim\u0173 metodologijos&#8221; kurso Moodle aplinkos parengimas (2012 m.)<\/p>\n<p>6. Nuotolinio mokymo kurso magistrams &#8220;Gerov\u0117s valstybi\u0173 socialin\u0117s politikos modeliai&#8221; parengimas (2013 m.)<\/p>\n<p>7. &#8220;Gerov\u0117s valstybi\u0173 modeli\u0173&#8221; kurso bakalaurams parengimas (2016 m.)<\/p>\n<p>Kita veikla:<\/p>\n<ol>\n<li><strong>Daugiau kaip 100 mokslini\u0173 publikacij\u0173 1991-2025 metais JAV, Kanadoje, Suomijoje, Danijoje, Norvegijoje, Vokietijoje, Ispanijoje, Graikijoje, Ser\u00adbijoje, Bosnijoje ir Hercegovinoje, Kroatijoje, Juodkalnijoje, Vengrijoje, Rumunijoje, Estijoje, Latvijoje, Ukrainoje, Kazachstane, Indonezijoje, Lietuvoje.<\/strong><\/li>\n<li><strong>Daugiau kaip 200 pozicij\u0173 \u017einiasklaidoje 2013-2025 metais (27 straipsniai ir pasisakymai Lietuvos \u017einiasklaidoje 2013 metais, 24 straipsniai ir pasisakymai 2014 metais, 9 pasisakymai ir straipsniai 2015 metais, 12 pasisakym\u0173 ir straipsni\u0173 2016 metais, 10 straipsni\u0173, pasisakym\u0173 ir interviu 2017 metais, 5 straipsniai ir interviu 2018 metais, 14 straipsni\u0173 ir interviu 2019 metais, 34 interviu ir straipsniai\u00a0 2020 metais, 1 interviu, 11 straipsni\u0173 kartu su A.V. Rak\u0161niu, D.Bernotu, I. Grincevi\u010di\u016bte 2021 metais, 3 straipsniai (vieno, kartu su A.V. Rak\u0161niu ir V. Smalskiu, ir kartu su V. Dapkos) &#8211; 2022 metais, 4 interviu (2 &#8211; TV 8 ir 2 &#8211; &#8220;Savaitei&#8221; bei 7 straipsniai Delfi ir kituose portaluose &#8211; 2023 metais, 6 straipsniai ir 4 interviu &#8211; 2024 metais, 2 interviu ir 3 straipsniai &#8211; 2025 metais).<br \/>\n2019-2024 metais pagal \u017einiasklaidos straipsni\u0173 ir pasisakym\u0173 skai\u010di\u0173 u\u017eimtos vietos MRU autori\u0173 de\u0161imtukuose.<\/strong><\/li>\n<li><strong>Daugiau kaip 30 prane\u0161im\u0173 tarptautin\u0117se ir nacionalin\u0117se mokslin\u0117se konferencijose Budvoje (Juodkalnija), Pary\u017eiuje (Pranc\u016bzija), Nante (Pranc\u016bzija), Florencijoje (Italija), Osle (Norvegija), Bergene (Norvegija), Wiese (Vokietija), Briuselyje (Belgija), Rijade (Saudo Arabija), Stokholme (\u0160vedija), Vek\u0161\u0117je (\u0160vedija), \u017denevoje (\u0160veicarija), Vienoje (Austrija), Edinburge (Jungtin\u0117 Karalyst\u0117), Budape\u0161te (Vengrija), Sofijoje (Bulgarija), Izmire (Turkija), Tokate (Turkija), Charkive (Ukraina), Alma Atoje (Kazachstanas), Rygoje, Vilniuje ir Kaune 1995-2025 metais.<\/strong><\/li>\n<\/ol>\n<p><strong>Kalb\u0173 mok\u0117jimas <\/strong>\u2013 1) angl\u0173 \u2013 labai gerai, 2) rus\u0173 \u2013 labai gerai, 3) \u0161ved\u0173 \u2013 skaitymas \u2013 gerai, kalb\u0117jimas ir supratimas \u2013 patenkinamai.<\/p>\n<p><strong>\u017dmona<\/strong> &#8211; Virgilija Guogien\u0117. Dirba Vilniaus universiteto bibliotekoje restauratore.<\/p>\n<p><strong>S\u016bnus<\/strong> \u2013 Rygaudas Guogis (gim\u0119s 1986 metais), verslininkas, \u0161vietimo organizatorius<\/p>\n","protected":false},"excerpt":{"rendered":"<p>prof. Arvydo Guogio CV 1. Vardas, pavard\u0117 &#8211; Arvydas Guogis 2. Gimimo data &#8211; 1961 gegu\u017e\u0117s 18 d. 3. Gimimo vieta &#8211; Klaip\u0117da 4. Gyvenamoji vieta &#8211; S. Stanevi\u010diaus 100-11, LT-07102, Vilnius 5. Pareigos ir darboviet\u0117 \u2013 profesorius, Vie\u0161ojo administravimo institutas, Vie\u0161ojo valdymo ir verslo fakultetas, Mykolo Romerio universitetas, Ateities 20, LT-03803, Vilnius 6. Mokslini\u0173 [&hellip;]<\/p>\n","protected":false},"author":1,"featured_media":0,"parent":0,"menu_order":0,"comment_status":"closed","ping_status":"closed","template":"","meta":{"saved_in_kubio":false,"footnotes":""},"class_list":["post-2","page","type-page","status-publish","hentry"],"kubio_ai_page_context":{"short_desc":"","purpose":"general"},"_links":{"self":[{"href":"https:\/\/arvydasg.sites.mruni.eu\/index.php?rest_route=\/wp\/v2\/pages\/2","targetHints":{"allow":["GET"]}}],"collection":[{"href":"https:\/\/arvydasg.sites.mruni.eu\/index.php?rest_route=\/wp\/v2\/pages"}],"about":[{"href":"https:\/\/arvydasg.sites.mruni.eu\/index.php?rest_route=\/wp\/v2\/types\/page"}],"author":[{"embeddable":true,"href":"https:\/\/arvydasg.sites.mruni.eu\/index.php?rest_route=\/wp\/v2\/users\/1"}],"replies":[{"embeddable":true,"href":"https:\/\/arvydasg.sites.mruni.eu\/index.php?rest_route=%2Fwp%2Fv2%2Fcomments&post=2"}],"version-history":[{"count":270,"href":"https:\/\/arvydasg.sites.mruni.eu\/index.php?rest_route=\/wp\/v2\/pages\/2\/revisions"}],"predecessor-version":[{"id":1934,"href":"https:\/\/arvydasg.sites.mruni.eu\/index.php?rest_route=\/wp\/v2\/pages\/2\/revisions\/1934"}],"wp:attachment":[{"href":"https:\/\/arvydasg.sites.mruni.eu\/index.php?rest_route=%2Fwp%2Fv2%2Fmedia&parent=2"}],"curies":[{"name":"wp","href":"https:\/\/api.w.org\/{rel}","templated":true}]}}