{"id":81,"date":"2010-09-13T10:38:20","date_gmt":"2010-09-13T10:38:20","guid":{"rendered":"http:\/\/arvydasg.home.mruni.eu\/?page_id=81"},"modified":"2025-05-11T10:21:50","modified_gmt":"2025-05-11T10:21:50","slug":"konferencijos","status":"publish","type":"page","link":"https:\/\/arvydasg.sites.mruni.eu\/?page_id=81","title":{"rendered":"Konferencijos (conferences, 2009-2025)"},"content":{"rendered":"<p><!-- @page { margin: 0.79in } P { margin-bottom: 0.08in } --><\/p>\n<p style=\"margin-bottom: 0in; line-height: 150%;\" align=\"center\"><strong>Arvydo Guogio dalyvavimas mokslin\u0117se konferencijose <\/strong><\/p>\n<p style=\"margin-bottom: 0in; line-height: 150%;\" align=\"center\"><strong>(2009-2025 metais)<\/strong><\/p>\n<ol>\n<li>2025 May 9-th. Report at the II-nd International Congress of Economics and Administrative Studies at Tokat Gazionsmanpasa University (Turkey) &#8211; &#8220;On the Irreplaceability of Lithuanian Social Policy Model in the Near and Medium Perspective&#8221;.<\/li>\n<li>2024 November 30-rd. Keynote Report in the Plenary Session of International Scientific and Practical Internet Conference &#8220;Public Administration: Problems and Prospects&#8221; at Simon Kuznets Kharkiv National University of Economics (Ukraine) &#8211; &#8220;On Modern and Postmodern Sociological Theories Approach to Public Marketing&#8221;.<\/li>\n<li>2024 November 22-nd. Keynote Report in the Plenary Session of VII-th International Congress on Critical Debates in Social Sciences at Izmir Democracy University (Turkey) &#8211; &#8220;The Problem of Cohesion between Public Administration Models and Welfare State Models in the Context of Artificial Intelligence Approaching&#8221;.<\/li>\n<li>2024 met\u0173 bir\u017eelio 12 d. prane\u0161imo &#8220;Kult\u016bros ir valstyb\u0117s gerov\u0117s s\u0105sajos&#8221; bendraautorius (kartu su K\u0119stu\u010diu K. Urba) mokslin\u0117je-praktin\u0117je konferencijoje LR Seime &#8220;Politin\u0117 kult\u016bra ir Kult\u016bros kongres\u0173 pamokos&#8221;.<\/li>\n<li>2023 met\u0173 lapkri\u010dio 23 d. skaitytas (kartu su Dainiumi Bernotu) prane\u0161imas &#8220;Regarding the Problem of Non-take-up of Cash Social Assistance in Lithuania&#8221; at the International Scientific and Practical Internet-Conference &#8220;Public Administration: Problems and Prospects&#8221;, organized by Simon Kuznets Kharkiv National University of Economics (Ukraine), etc.<\/li>\n<li>2022 met\u0173 gruod\u017eio 13 d. skaitytas prane\u0161imas &#8221; On the Cohesion between Welfare State Models and Public Administration Models Worldwide and in Lithuania&#8221; at the conference &#8220;New Kazakhstan: Development Potential and Current Challenges&#8221;, Narxoz University (Almaty, Kazakhstan).<\/li>\n<li style=\"text-align: left;\">2022 met\u0173 spalio 20 d. skaitytas (kartu su Dainiumi Bernotu) prane\u0161imas &#8220;The Problem of Non-Take-Up of Social Assistance Benefits in Lithuania&#8221; at XI International Scientific Conference on Social Innovations (SOCIN&#8217;22), Vilnius.<\/li>\n<li style=\"text-align: left;\">2022 met\u0173 spalio 20 d. skaitytas prane\u0161imas &#8220;What is New in Welfare States Typology in Relation to Public Administration Models?&#8221; at XI International Scientific Conference on Social Innovations (SOCIN&#8217;22), Vilnius.<\/li>\n<li style=\"text-align: left;\">2021 met\u0173 gegu\u017e\u0117s 26 d. skaitytas prane\u0161imas &#8220;U\u017esienio \u0161ali\u0173 ir Lietuvos socialin\u0117s politikos ir administravimo reakcijos \u012f d\u0117l COVID-19 besikei\u010dian\u010di\u0105 ekonomin\u0119 ir socialin\u0119 pad\u0117t\u012f&#8221; VIII tarptautin\u0117je Vie\u0161ojo valdymo poky\u010di\u0173 konferencijoje &#8220;Vie\u0161ojo sektoriaus veikla pandemijos s\u0105lygomis &#8211; i\u0161\u0161\u016bkiai ir tendencijos&#8221; (8-th International Scientific-Practical Conference on Public Administration Changes &#8220;Public Sector Activities in the Context of the Pandemic: Challenges and Trends&#8221;), vykusioje LR Seime.<\/li>\n<li style=\"text-align: left;\">2019 m. gruod\u017eio 7 d. skaitytas prane\u0161imas &#8220;Gerov\u0117s valstyb\u0117s samprata, teorijos ir \u0161iuolaikiniai i\u0161\u0161\u016bkiai&#8221; Europos Parlamento nari\u0173 Vilijos Blinkevi\u010di\u016bt\u0117s ir Juozo Oleko organizuotoje konferencijoje &#8221; Gerov\u0117s valstyb\u0117 socialin\u0117je Europoje &#8211; socialdemokratin\u0117 vizija&#8221;, vykusioje Raudondvario dvare, Kauno rajone.<\/li>\n<li style=\"text-align: left;\">2019 m. lapkri\u010dio 26 d. skaitytas prane\u0161imas VII-oje Nacionalin\u0117je mokslin\u0117je konferencijoje &#8220;Vie\u0161osios politikos ir paslaug\u0173 vertinimas&#8221;, vykusioje Kaune, Vytauto Did\u017eiojo universitete.\u00a0<\/li>\n<li style=\"text-align: left;\">2019 m. spalio 23 d. dalyvauta (kartu su R.Lazutka) LR Seimo Europos reikal\u0173 Komiteto pos\u0117dyje svarstant \u201egerb\u016bvio ekonomikos\u201c klausim\u0105.<\/li>\n<li style=\"text-align: left;\">2019 m. spalio 17 d. dalyvauta penki\u0173 Lietuvos politolog\u0173 susitikime-diskusijoje gerov\u0117s valstyb\u0117s k\u016brimo tema \u201eRadisson Hotel Astoria\u201c vie\u0161butyje su \u0160vedijos parlamento (riksdago) nariu socialdemokratu Pyry Niemi ir jo pad\u0117j\u0117ju Peteriu Lindh.<\/li>\n<li style=\"text-align: left;\">2019 m. spalio 8 d. dalyvauta Prezident\u016broje \u0161e\u0161i\u0173 Lietuvos politolog\u0173 susitikime-diskusijoje su LR Prezidentu Gitanu Naus\u0117da tema \u201ePasaulio ir Europos Lietuva: kaip pasinaudosime naujo ES politinio ciklo teikiamomis galimyb\u0117mis?\u201c.<\/li>\n<li style=\"text-align: left;\">2019 m. lapkri\u010dio 22 d. skaitytas prane\u0161imas &#8220;Gerov\u0117s valstybi\u0173 modeli\u0173, j\u0173 vertybi\u0173, bei suderinamumo su vie\u0161ojo administravimo modeliais nustatymo problema&#8221; XI-oje Nacionalin\u0117je Lietuvos sociolog\u0173 draugijos konferencijoje &#8220;Sociologija be rib\u0173: anapus \u017emogi\u0161kumo&#8221;, vykusioje Vilniaus universitete.<\/li>\n<li style=\"text-align: left;\">2019 bir\u017eelio 10 d. skaitytas prane\u0161imas &#8220;Gerov\u0117s valstybi\u0173 modeli\u0173 ir vie\u0161ojo administravimo modeli\u0173 atitikimo problema Vakaruose bei Centrin\u0117s ir Ryt\u0173 Europos \u0161alyse&#8221; (&#8220;The Problem of Coherence of Welfare States and Public Administration Models in the West and CEECs&#8221;) II -oje tarptautin\u0117je mokslin\u0117je-praktin\u0117je konferencijoje, organizuotoje MRU (kartu su Kijevo Valstybiniu Ekonomikos Vadimo Hetmano vardo universitetu) &#8220;International Security in the Frame of Modern Global Challenges&#8221;, vykusioje MRU.\u00a0 https:\/\/ebooks.mruni.eu\/product\/international-security-in-frame-modern-global-challenges-2019, <a href=\"https:\/\/ebooks.mruni.eu\/product\/iinternational-security-in-frame-modern-global-challenges-2019\">https<\/a>:\/\/wdn.ipublishcentral.com\/association_lithuania_serials\/viewinsidehtml\/192022509277020<\/li>\n<li style=\"text-align: left;\">2017 met\u0173 rugs\u0117jo 28 d. skaitytas prane\u0161imas (kartu su A.V. Rak\u0161niu) 6-oje tarptautin\u0117je SOCINo konferencijoje MRU. \u201cWhy do cultural factors become of major importance in the implementation of the New Public Governance?\u201d<\/li>\n<li style=\"text-align: left;\">2016 m. rugs\u0117jo 18-20 dienomis moderatoriaus ir nacionalinio eksperto teis\u0117mis dalyvauta LIGA profs\u0105junginio susivienijimo (Vengrija) organizuotoje tarptautin\u0117je konferencijoje Budape\u0161te &#8220;Bandymas atgaivinti socialin\u012f dialog\u0105 ir darbo santyki\u0173 sistemas kai kuriose Centrin\u0117s ir Ryt\u0173 Europos \u0161alyse &#8211; i\u0161moktos pamokos ir geriausios praktikos i\u0161einant i\u0161 kriz\u0117s&#8221;.<\/li>\n<li style=\"text-align: left;\">2015 m. vasario 26 dien\u0105 tarptautin\u0117je konferencijoje, vykusioje MRU &#8220;Paradigminiai visuomen\u0117s m\u0105stymo poky\u010diai: Lietuva ir europin\u0117 erdv\u0117&#8221; perskaitytas prane\u0161imas &#8220;Socialin\u0117 apsauga \u0161iuolaikiniame kapitalizme: vystymosi aklaviet\u0117 ir Naujojo vie\u0161ojo valdymo b\u016btinyb\u0117&#8221;<\/li>\n<li style=\"text-align: left;\">2014 m. spalio 23 d. 3-oje tarptautin\u0117je SOCIN konferencijoje, vykusioje Mykolo Romerio universitete, perskaitytas prane\u0161imas tema &#8220;Globalizacija, postmodernizmas ir naujojo vie\u0161ojo valdymo b\u016btinyb\u0117.&#8221;<\/li>\n<li style=\"text-align: left;\">2014 m. baland\u017eio 18 dien\u0105 Nacionalin\u0117je mokslin\u0117je MRU vykusioje konferencijoje &#8220;\u0160iuolaikin\u0117s Lietuvos visuomen\u0117s m\u0105stymo poky\u010diai ir j\u0173 teorin\u0117 refleksija&#8221; perskaitytas prane\u0161imas &#8220;Link post-moderniojo vakarieti\u0161kumo formalios demokratijos&#8221;.<\/li>\n<li style=\"text-align: left;\">2013 m. spalio 28 d. skaitytas prane\u0161imas MRU organizuotoje &#8220;Sveikatos sistemos vystymo perspektyv\u0173&#8221; konferencijoje tema &#8220;Pa\u017eangaus normatyvinio socialinio modelio paie\u0161kos globalizacijos procese: teisumo ir socialin\u0117s kokyb\u0117s aspektai.<\/li>\n<li style=\"text-align: left;\">2013 m. rugs\u0117jo 10-14 d. dalyvauta EGPA kasmetin\u0117je konferencijoje Edinburge (\u0160kotija), kur perskaitytas prane\u0161imas apie Naujojo vie\u0161ojo valdymo aktualum\u0105.<\/li>\n<li style=\"text-align: left;\">2013 m. gegu\u017e\u0117s 24 d. Radisson Blu Hotel Lietuva vie\u0161butyje vykusioje XXI Baltijos j\u016bros \u0161ali\u0173 konferencijoje d\u0117l socialin\u0117s apsaugos perskaitytas prane\u0161imas \u201eDabartinis Lietuvos socialin\u0117s apsaugos modelis ir globalizacijos bei liberalizmo i\u0161\u0161\u016bkiai\u201c.<\/li>\n<li style=\"text-align: left;\">2012 m. bir\u017eelio 14-15 dienomis dalyvauta 11-ajame Tarptautiniame Vie\u0161ojo ir Ne-pelno sektori\u0173 marketingo kongrese, vykusiame M. Romerio universitete, kur bir\u017eelio 14 dien\u0105 perskaitytas prane\u0161imas &#8220;Kokias naujas administravimo \u017eenklo r\u016b\u0161is b\u016btina pritaikyti Europos vie\u0161ajame ir ne-pelno sektoriuje?&#8221;.\u00a0<\/li>\n<li style=\"text-align: left;\">2012 m. baland\u017eio 24 d. Mykolo Romerio universitete vykusioje IV-oje praktin\u0117je-mokslin\u0117je konferencijoje \u201eEfektyvumas vie\u0161ajame sektoriuje: kuo vadybos teorijos gali pasitarnauti ir k\u0105 praktikai gali patarti?\u201c, perskaitytas prane\u0161imas \u201eRekomendacijos socialin\u0117s politikos formuotojams ir \u012fgyvendintojams\u201c.<\/li>\n<li style=\"text-align: left;\">2012 m. kovo 2-4 d. Mykolo Romerio universitete vykusioje tarptautin\u0117je mokslin\u0117je konferencijoje &#8220;Tapatumo problemos: tradicija ir inovacijos&#8221;, kovo 3 d. perskaitytas prane\u0161imas &#8220;Ekonomizacijos, neoliberalizmo ir Naujosios vie\u0161osios vadybos gr\u0117smi\u0173 analiz\u0117 tradicij\u0173 ir socialinio tapatumo palaikymo po\u017ei\u016briu&#8221;.<\/li>\n<li style=\"text-align: left;\">2011 m. lapkri\u010dio 25 d. M. Romerio universitete dalyvauta nacionalin\u0117je Lietuvos sociolog\u0173 konferencijoje &#8220;Prover\u017eio beie\u0161kant&#8221;, kur buvo perskaitytas prane\u0161imas &#8220;Piet\u0173 Europos gerov\u0117s modelis: Ispanijos atvejo problemos&#8221;.<\/li>\n<li style=\"text-align: left;\">2011 m. spalio 26-30 dienomis dalyvauta tarptautin\u0117je CEPSA (Centrin\u0117s Europos Politolog\u0173 asociacijos) kasmetin\u0117je konferencijoje Vienoje tema &#8220;\u012evairi\u0173 lygi\u0173 politika: vidaus ir i\u0161or\u0117s lygi\u0173 palyginamosios perspektyvos&#8221;. Konferencijos metu Austrijoje: 1) perskaitytas prane\u0161imas &#8220;Ekonomizacija kriz\u0117je ir Naujojo vie\u0161ojo valdymo bei Socialin\u0117s Europos vertyb\u0117s: Lietuvos atvejis&#8221;, 2) vadovauta sesijai politini\u0173 partij\u0173 tematika, 3) Nuo Lietuvos Politolog\u0173 asociacijos atstovauta Lietuvai CEPSA Vykdomojo Komiteto pos\u0117dyje.<\/li>\n<li style=\"text-align: left;\">2011 m. rugs\u0117jo 6-11 dienomis dalyvauta Europos Sociolog\u0173 Asociacijos (ESA) konferencijoje \u017denevoje (\u0160veicarija) \u201e Socialiniai santykiai neramum\u0173 laikais\u201c, kur rugs\u0117jo 9 dien\u0105 buvo perskaitytas prane\u0161imas \u201eValdymo socialinis aspektas kaip globalizacijos prie\u0161taravim\u0173 pasekm\u0117: tendencij\u0173 nuo 2008 met\u0173 analiz\u0117\u201c.<\/li>\n<li style=\"text-align: left;\">2010 met\u0173 lapkri\u010dio 26 dien\u0105 dalyvauta Kaune, Vytauto Did\u017eiojo universitete vykusioje nacionalin\u0117je Lietuvos sociolog\u0173 konferencijoje \u201eAr gali sociologija pakeisti Lietuvos visuomen\u0119?\u201c, kur buvo perskaitytas prane\u0161imas \u201eSocialin\u0117s politikos modeliavimas Europos integracijos procese: Lietuvos atvejis\u201c.<\/li>\n<li style=\"text-align: left;\">2010 met\u0173 spalio 14-15 dienomis dalyvauta Vilniuje, Mykolo Romerio universitete vykusioje tarptautin\u0117je konferencijoje \u201eSocialin\u0117 ekonomika ir skurdo ma\u017einimas\u201c, kur perskaitytas prane\u0161imas \u201eSocialin\u0117s ekonomikos samprata: kas naujo socialiniuose moksluose?\u201c<\/li>\n<li style=\"text-align: left;\">2010 met\u0173 liepos 26-31 dienomis Stokholme dalyvauta ICCEES VIII Pasauliniame Kongrese. Liepos 29 dien\u0105 perskaitytas prane\u0161imas \u201eD\u0117l Lietuvos socialin\u0117s politikos modelio vystymosi krypties\u201c. Liepos 29 dien\u0105 Arvydas Guogis dav\u0117 interviu \u0160vedijos valstybiniam radijui (rus\u0173 kalbos redakcijai), kur lygino \u0160vedijos ir Lietuvos socialinius modelius, apibr\u0117\u017e\u0117 Lietuvos socialin\u0117s politikos vystymosi krypt\u012f, pa\u017eym\u0117jo socialin\u0117s apsaugos poky\u010dius.<\/li>\n<li style=\"text-align: left;\">2010 met\u0173 vasario 27 dien\u0105 Vilniuje vykusioje Socialdemokratin\u0117s minties instituto organizuotoje konferencijoje \u201eSocialdemokratija ir savivalda: didesnio demokrati\u0161kumo ir efektyvumo paie\u0161kos\u201c perskaitytas prane\u0161imas \u201eNaujosios vie\u0161osios vadybos ir Naujojo vie\u0161ojo valdymo reik\u0161m\u0117 savivaldybi\u0173 veiklos efektyvumui\u201c.<\/li>\n<li style=\"text-align: left;\">2009 met\u0173 gruod\u017eio 5 dien\u0105 Vilniuje vykusioje Socialdemokratin\u0117s minties instituto organizuotoje konferencijoje, skirtoje Lietuvos socialdemokratijos 20-me\u010diui pamin\u0117ti, perskaitytas prane\u0161imas \u201ePasaulio socialdemokratijos lyginamosios charakteristikos\u201c.<\/li>\n<li style=\"text-align: left;\">2009 met\u0173 lapkri\u010dio 1-4 dienomis Rijade (Saudo Arabija) dalyvauta Saudo Arabijos Vie\u0161ojo administravimo instituto organizuotoje ir jo 50-me\u010diui skirtoje tarptautin\u0117je konferencijoje \u201e Siekiant tobulumo vie\u0161ajame sektoriuje\u201c. Lapkri\u010dio 3 dien\u0105 buvo perskaitytas prane\u0161imas \u201eNaujasis vie\u0161asis valdymas &#8211; papildinys ar opozicija Naujajai vie\u0161ajai vadybai: Lietuvos atvejis?\u201c. Arvydas Guogis Rijado konferencijoje buvo bendraautorius ir kito, kartu su Romualdu Kacevi\u010diumi (Politikos moksl\u0173 katedra), rengto prane\u0161imo \u201eSavivaldybi\u0173 ir nevyriausybini\u0173 organizacij\u0173 s\u0105veika dviejose Lietuvos savivaldyb\u0117se: dviej\u0173 modeli\u0173 po\u017ei\u016bris\u201c. Lapkri\u010dio 4 dien\u0105 duoti interviu dviems Saudo Arabijos televizijoms.<\/li>\n<li style=\"text-align: left;\">2009 met\u0173 spalio 22-23 dienomis Briuselyje dalyvauta Europos Komisijos organizuotoje galutin\u0117je tarptautin\u0117je konferencijoje \u201e Socialini\u0173 ir humanitarini\u0173 moksl\u0173 ateitis\u201c. Spalio 23 dien\u0105 buvo perskaitytas prane\u0161imas \u201eSocialinis teisingumas kaip tyrim\u0173 ir socialinio administravimo problema Lietuvoje\u201c.<\/li>\n<li style=\"text-align: left;\">2009 met\u0173 gegu\u017e\u0117s 13-17 dienomis Budvoje (Juodkalnija) dalyvauta NISPAcee 17-oje kasmetineje konferencijoje &#8220;Valstyb\u0117 ir administravimas besikei\u010dian\u010diame pasaulyje&#8221;. Gegu\u017e\u0117s 16 dien\u0105 buvo perskaitytas prane\u0161imas &#8220;Savivaldybi\u0173 ir nevyriausybini\u0173 organizacij\u0173 s\u0105veikos problemos Lietuvos savivaldyb\u0117se: socialini\u0173 modeli\u0173 \u012f\u017evalgos&#8221;.<\/li>\n<\/ol>\n\n\n<p> <\/p>\n","protected":false},"excerpt":{"rendered":"<p>Arvydo Guogio dalyvavimas mokslin\u0117se konferencijose (2009-2025 metais) 2025 May 9-th. Report at the II-nd International Congress of Economics and Administrative Studies at Tokat Gazionsmanpasa University (Turkey) &#8211; &#8220;On the Irreplaceability of Lithuanian Social Policy Model in the Near and Medium Perspective&#8221;. 2024 November 30-rd. Keynote Report in the Plenary Session of International Scientific and Practical [&hellip;]<\/p>\n","protected":false},"author":1,"featured_media":0,"parent":0,"menu_order":0,"comment_status":"closed","ping_status":"closed","template":"","meta":{"saved_in_kubio":false,"footnotes":""},"class_list":["post-81","page","type-page","status-publish","hentry"],"kubio_ai_page_context":{"short_desc":"","purpose":"general"},"_links":{"self":[{"href":"https:\/\/arvydasg.sites.mruni.eu\/index.php?rest_route=\/wp\/v2\/pages\/81","targetHints":{"allow":["GET"]}}],"collection":[{"href":"https:\/\/arvydasg.sites.mruni.eu\/index.php?rest_route=\/wp\/v2\/pages"}],"about":[{"href":"https:\/\/arvydasg.sites.mruni.eu\/index.php?rest_route=\/wp\/v2\/types\/page"}],"author":[{"embeddable":true,"href":"https:\/\/arvydasg.sites.mruni.eu\/index.php?rest_route=\/wp\/v2\/users\/1"}],"replies":[{"embeddable":true,"href":"https:\/\/arvydasg.sites.mruni.eu\/index.php?rest_route=%2Fwp%2Fv2%2Fcomments&post=81"}],"version-history":[{"count":144,"href":"https:\/\/arvydasg.sites.mruni.eu\/index.php?rest_route=\/wp\/v2\/pages\/81\/revisions"}],"predecessor-version":[{"id":1838,"href":"https:\/\/arvydasg.sites.mruni.eu\/index.php?rest_route=\/wp\/v2\/pages\/81\/revisions\/1838"}],"wp:attachment":[{"href":"https:\/\/arvydasg.sites.mruni.eu\/index.php?rest_route=%2Fwp%2Fv2%2Fmedia&parent=81"}],"curies":[{"name":"wp","href":"https:\/\/api.w.org\/{rel}","templated":true}]}}